{"id":32,"date":"2025-01-20T20:16:52","date_gmt":"2025-01-20T20:16:52","guid":{"rendered":"https:\/\/panzio.ujkigyos.hu\/?page_id=32"},"modified":"2025-01-20T23:13:41","modified_gmt":"2025-01-20T23:13:41","slug":"szolgaltatasaink","status":"publish","type":"page","link":"https:\/\/szentimrepanzio.hu\/index.php\/szolgaltatasaink\/","title":{"rendered":"A Szent Imre Panzi\u00f3 szolg\u00e1ltat\u00e1sai"},"content":{"rendered":"\n<div class=\"wp-block-columns is-layout-flex wp-container-core-columns-is-layout-28f84493 wp-block-columns-is-layout-flex\">\n<div class=\"wp-block-column is-layout-flow wp-block-column-is-layout-flow\">\n<ul class=\"wp-block-list\">\n<li>6 szoba \u2013 16 f\u00e9r\u0151hely<\/li>\n\n\n\n<li>L\u00e9gkondicion\u00e1lt \u00e9p\u00fclet \u00e9s szob\u00e1k<\/li>\n\n\n\n<li>TV-vel felszerelt szob\u00e1k<\/li>\n\n\n\n<li>\u00cdzletes reggeli<\/li>\n\n\n\n<li>Ingyenes Wifi<\/li>\n\n\n\n<li>Ingyenes z\u00e1rt parkol\u00f3<\/li>\n\n\n\n<li>Vasal\u00f3, hajsz\u00e1r\u00edt\u00f3<\/li>\n\n\n\n<li>Akad\u00e1lymentes\u00edtett terek<\/li>\n\n\n\n<li>Mozg\u00e1skorl\u00e1tozottak sz\u00e1m\u00e1ra kialak\u00edtott zuhanyz\u00f3<\/li>\n\n\n\n<li>Ker\u00e9kp\u00e1r b\u00e9rl\u00e9s<\/li>\n\n\n\n<li>J\u00e1tsz\u00f3t\u00e9r \u00e9s sportp\u00e1lya a panzi\u00f3val szemben<\/li>\n\n\n\n<li>OTP Sz\u00e9pk\u00e1rtya elfogad\u00f3hely<\/li>\n\n\n\n<li>Bankk\u00e1rty\u00e1s fizet\u00e9si lehet\u0151s\u00e9g<\/li>\n\n\n\n<li>Megnyer\u0151 kedvezm\u00e9nyek (nagycsal\u00e1dos kedvezm\u00e9ny)<\/li>\n\n\n\n<li>Akci\u00f3s csomagok<\/li>\n<\/ul>\n<\/div>\n\n\n\n<div class=\"wp-block-column is-layout-flow wp-block-column-is-layout-flow\">\n<figure class=\"wp-block-image size-large\"><img loading=\"lazy\" decoding=\"async\" width=\"768\" height=\"1024\" src=\"https:\/\/panzio.ujkigyos.hu\/wp-content\/uploads\/2025\/01\/6396fee3e405f8.96644284-768x1024.jpg\" alt=\"\" class=\"wp-image-99\" srcset=\"https:\/\/szentimrepanzio.hu\/wp-content\/uploads\/2025\/01\/6396fee3e405f8.96644284-768x1024.jpg 768w, https:\/\/szentimrepanzio.hu\/wp-content\/uploads\/2025\/01\/6396fee3e405f8.96644284-225x300.jpg 225w, https:\/\/szentimrepanzio.hu\/wp-content\/uploads\/2025\/01\/6396fee3e405f8.96644284.jpg 886w\" sizes=\"auto, (max-width: 768px) 100vw, 768px\" \/><\/figure>\n<\/div>\n<\/div>\n\n\n\n<ul class=\"wp-block-list\"><\/ul>\n\n\n\n<p><\/p>\n","protected":false},"excerpt":{"rendered":"","protected":false},"author":1,"featured_media":0,"parent":0,"menu_order":0,"comment_status":"closed","ping_status":"closed","template":"","meta":{"footnotes":""},"class_list":["post-32","page","type-page","status-publish","hentry"],"_links":{"self":[{"href":"https:\/\/szentimrepanzio.hu\/index.php\/wp-json\/wp\/v2\/pages\/32","targetHints":{"allow":["GET"]}}],"collection":[{"href":"https:\/\/szentimrepanzio.hu\/index.php\/wp-json\/wp\/v2\/pages"}],"about":[{"href":"https:\/\/szentimrepanzio.hu\/index.php\/wp-json\/wp\/v2\/types\/page"}],"author":[{"embeddable":true,"href":"https:\/\/szentimrepanzio.hu\/index.php\/wp-json\/wp\/v2\/users\/1"}],"replies":[{"embeddable":true,"href":"https:\/\/szentimrepanzio.hu\/index.php\/wp-json\/wp\/v2\/comments?post=32"}],"version-history":[{"count":5,"href":"https:\/\/szentimrepanzio.hu\/index.php\/wp-json\/wp\/v2\/pages\/32\/revisions"}],"predecessor-version":[{"id":100,"href":"https:\/\/szentimrepanzio.hu\/index.php\/wp-json\/wp\/v2\/pages\/32\/revisions\/100"}],"wp:attachment":[{"href":"https:\/\/szentimrepanzio.hu\/index.php\/wp-json\/wp\/v2\/media?parent=32"}],"curies":[{"name":"wp","href":"https:\/\/api.w.org\/{rel}","templated":true}]}}