{"id":2,"date":"2025-01-20T19:55:14","date_gmt":"2025-01-20T19:55:14","guid":{"rendered":"https:\/\/panzio.ujkigyos.hu\/?page_id=2"},"modified":"2025-01-20T23:09:07","modified_gmt":"2025-01-20T23:09:07","slug":"sample-page","status":"publish","type":"page","link":"https:\/\/szentimrepanzio.hu\/","title":{"rendered":""},"content":{"rendered":"\n<figure class=\"wp-block-image size-large\"><img loading=\"lazy\" decoding=\"async\" width=\"1024\" height=\"405\" src=\"https:\/\/panzio.ujkigyos.hu\/wp-content\/uploads\/2025\/01\/639063faec6ff9.00367824.639063edebce74.00756674-1024x405.jpg\" alt=\"\" class=\"wp-image-26\" srcset=\"https:\/\/szentimrepanzio.hu\/wp-content\/uploads\/2025\/01\/639063faec6ff9.00367824.639063edebce74.00756674-1024x405.jpg 1024w, https:\/\/szentimrepanzio.hu\/wp-content\/uploads\/2025\/01\/639063faec6ff9.00367824.639063edebce74.00756674-300x119.jpg 300w, https:\/\/szentimrepanzio.hu\/wp-content\/uploads\/2025\/01\/639063faec6ff9.00367824.639063edebce74.00756674-768x303.jpg 768w, https:\/\/szentimrepanzio.hu\/wp-content\/uploads\/2025\/01\/639063faec6ff9.00367824.639063edebce74.00756674.jpg 1230w\" sizes=\"auto, (max-width: 1024px) 100vw, 1024px\" \/><\/figure>\n\n\n\n<p>A Gyul\u00e1hoz \u00e9s B\u00e9k\u00e9scsab\u00e1hoz k\u00f6zeli \u00dajk\u00edgy\u00f3s egyik hangulatos kis utc\u00e1j\u00e1ban tal\u00e1lhat\u00f3 a gy\u00f6ny\u00f6r\u0171en fel\u00faj\u00edtott&nbsp;<strong>Szent Imre Panzi\u00f3<\/strong>. A jellegzetes st\u00edlus\u00fa, h\u00f3feh\u00e9r m\u0171eml\u00e9k\u00e9p\u00fclet falai sok \u00e9rdekes t\u00f6rt\u00e9netr\u0151l suttognak mes\u00e9ket a l\u00e1togat\u00f3knak, hiszen a mai&nbsp;<strong>Szent Imre Panzi\u00f3<\/strong>&nbsp;egykor z\u00e1rdak\u00e9nt \u00e9s iskolak\u00e9nt m\u0171k\u00f6d\u00f6tt.<\/p>\n\n\n\n<p>A&nbsp;<strong>panzi\u00f3nk&nbsp;<\/strong>\u00f6sszesen 16 f\u0151 elsz\u00e1ll\u00e1sol\u00e1s\u00e1ra alkalmas. A 2 \u00e9s 3 \u00e1gyas saj\u00e1t f\u00fcrd\u0151szob\u00e1s hangulatos szob\u00e1inkban k\u00e9nyelmes \u00e1gyak, l\u00e9gkondicion\u00e1l\u00f3, telev\u00edzi\u00f3 \u00e9s ingyenes WIFI gondoskodik az ide l\u00e1togat\u00f3 csal\u00e1dok, bar\u00e1ti \u00e9s c\u00e9ges t\u00e1rsas\u00e1gok kellemes kikapcsol\u00f3d\u00e1s\u00e1r\u00f3l \u00e9s pihen\u00e9s\u00e9r\u0151l. A&nbsp;<strong>Szent Imre Panzi\u00f3<\/strong>&nbsp;minden szeglete patyolat tiszta \u00e9s modern st\u00edlusban berendezett. A t\u00e1gas \u00e9s l\u00e9gkondicion\u00e1lt konferencia terem kiv\u00e1l\u00f3an alkalmas c\u00e9ges rendezv\u00e9nyek lebonyol\u00edt\u00e1s\u00e1ra. Az udvarias \u00e9s csal\u00e1diasan kedves kiszolg\u00e1l\u00e1s alapvet\u0151 hozz\u00e1\u00e1ll\u00e1sunk, mert a legf\u0151bb k\u00fcldet\u00e9s\u00fcnk, hogy a vend\u00e9geink a n\u00e1lunk t\u00f6lt\u00f6tt id\u0151ben j\u00f3l \u00e9rezz\u00e9k magukat.<\/p>\n\n\n\n<p>\u00dajk\u00edgy\u00f3s telep\u00fcl\u00e9s\u00e9t, nevezetess\u00e9geit, term\u00e9szeti \u00e9rt\u00e9keit \u00e9s l\u00e1tnival\u00f3it g\u00e9pj\u00e1rm\u0171vel, ker\u00e9kp\u00e1rral \u00e9s gyalogosan is k\u00f6nnyed\u00e9n be lehet j\u00e1rni. \u00c9rdemes felfedezni a K\u00f6r\u00f6s-Maros Nemzeti Park K\u00edgy\u00f3s-pusztai 5 km-es t\u00fara\u00fatvonal\u00e1t. A tan\u00f6sv\u00e9ny bemutatja a puszta n\u00f6v\u00e9ny- \u00e9s \u00e1llatfajait \u00e9s azok jellegzetes \u00e9l\u0151helyeit.<\/p>\n","protected":false},"excerpt":{"rendered":"<p>A Gyul\u00e1hoz \u00e9s B\u00e9k\u00e9scsab\u00e1hoz k\u00f6zeli \u00dajk\u00edgy\u00f3s egyik hangulatos kis utc\u00e1j\u00e1ban tal\u00e1lhat\u00f3 a gy\u00f6ny\u00f6r\u0171en fel\u00faj\u00edtott&nbsp;Szent Imre Panzi\u00f3. A jellegzetes st\u00edlus\u00fa, h\u00f3feh\u00e9r m\u0171eml\u00e9k\u00e9p\u00fclet falai sok \u00e9rdekes t\u00f6rt\u00e9netr\u0151l suttognak mes\u00e9ket a l\u00e1togat\u00f3knak, hiszen a mai&nbsp;Szent Imre Panzi\u00f3&nbsp;egykor z\u00e1rdak\u00e9nt \u00e9s iskolak\u00e9nt m\u0171k\u00f6d\u00f6tt. A&nbsp;panzi\u00f3nk&nbsp;\u00f6sszesen 16 f\u0151 elsz\u00e1ll\u00e1sol\u00e1s\u00e1ra alkalmas. A 2 \u00e9s 3 \u00e1gyas saj\u00e1t f\u00fcrd\u0151szob\u00e1s hangulatos szob\u00e1inkban k\u00e9nyelmes \u00e1gyak, l\u00e9gkondicion\u00e1l\u00f3, [&hellip;]<\/p>\n","protected":false},"author":1,"featured_media":0,"parent":0,"menu_order":0,"comment_status":"closed","ping_status":"open","template":"","meta":{"footnotes":""},"class_list":["post-2","page","type-page","status-publish","hentry"],"_links":{"self":[{"href":"https:\/\/szentimrepanzio.hu\/index.php\/wp-json\/wp\/v2\/pages\/2","targetHints":{"allow":["GET"]}}],"collection":[{"href":"https:\/\/szentimrepanzio.hu\/index.php\/wp-json\/wp\/v2\/pages"}],"about":[{"href":"https:\/\/szentimrepanzio.hu\/index.php\/wp-json\/wp\/v2\/types\/page"}],"author":[{"embeddable":true,"href":"https:\/\/szentimrepanzio.hu\/index.php\/wp-json\/wp\/v2\/users\/1"}],"replies":[{"embeddable":true,"href":"https:\/\/szentimrepanzio.hu\/index.php\/wp-json\/wp\/v2\/comments?post=2"}],"version-history":[{"count":5,"href":"https:\/\/szentimrepanzio.hu\/index.php\/wp-json\/wp\/v2\/pages\/2\/revisions"}],"predecessor-version":[{"id":95,"href":"https:\/\/szentimrepanzio.hu\/index.php\/wp-json\/wp\/v2\/pages\/2\/revisions\/95"}],"wp:attachment":[{"href":"https:\/\/szentimrepanzio.hu\/index.php\/wp-json\/wp\/v2\/media?parent=2"}],"curies":[{"name":"wp","href":"https:\/\/api.w.org\/{rel}","templated":true}]}}